{"id":128,"date":"2011-11-06T10:08:51","date_gmt":"2011-11-06T10:08:51","guid":{"rendered":"https:\/\/rozhnyati.online\/?page_id=128"},"modified":"2011-11-24T16:48:12","modified_gmt":"2011-11-24T16:48:12","slug":"rozniatowszczyzna-turystyczna","status":"publish","type":"page","link":"https:\/\/rozhnyati.online\/pl\/rozniatowszczyzna-turystyczna\/","title":{"rendered":"Ro\u017cniatowszczyzna Turystyczna"},"content":{"rendered":"<h2><a class=\"lightbox\" title=\"Po\u0142o\u017cenie geograficzne rejonu Ro\u017cniatowskiego\" href=\"https:\/\/rozhnyati.online\/uploads\/2011\/10\/rozhniativ-map.jpg\"><img loading=\"lazy\" decoding=\"async\" class=\"alignleft size-medium wp-image-123\" title=\"Po\u0142o\u017cenie geograficzne rejonu Ro\u017cniatowskiego\" src=\"https:\/\/rozhnyati.online\/uploads\/2011\/10\/rozhniativ-map-240x232.jpg\" alt=\"\" width=\"240\" height=\"232\" srcset=\"https:\/\/rozhnyati.online\/uploads\/2011\/10\/rozhniativ-map-240x232.jpg 240w, https:\/\/rozhnyati.online\/uploads\/2011\/10\/rozhniativ-map.jpg 600w\" sizes=\"auto, (max-width: 240px) 100vw, 240px\" \/><\/a>Dlaczego tury\u015bci wybieraj\u0105 Ro\u017cniatowszczyzn\u0119<\/h2>\n<p>Rejon Ro\u017cniatowski w Ukraine jest unikatowy w odniesieniu biogeograficznym. Tutaj wci\u0105\u017c zachowane s\u0105 krajobrazy naturalne, nietkni\u0119te obszary, szczeg\u00f3lnie w lasach, endemiczne i reliktowe gatunki ro\u015blin, jest du\u017cy potencja\u0142 rekreacyjny. To kolorytowa i niepowtarzalna ziemia, gdzie przetrwa\u0142y przez g\u0142\u0119bie wiek\u00f3w tradycje Bojkowskie, kultura, zwyczaje&#8230; <a title=\"Informacja o rejonie Ro\u017cniatowskim\" href=\"https:\/\/rozhnyati.online\/turystychnyj-dovidnyk\/informatsiya-pro-rajon\/\">Wi\u0119cej &gt;&gt;<\/a><\/p>\n","protected":false},"excerpt":{"rendered":"<p>Dlaczego tury\u015bci wybieraj\u0105 Ro\u017cniatowszczyzn\u0119 Rejon Ro\u017cniatowski w Ukraine jest unikatowy w odniesieniu biogeograficznym. Tutaj wci\u0105\u017c zachowane s\u0105 krajobrazy naturalne, nietkni\u0119te obszary, szczeg\u00f3lnie w lasach, endemiczne i reliktowe gatunki ro\u015blin, jest du\u017cy potencja\u0142 rekreacyjny. To kolorytowa i niepowtarzalna ziemia, gdzie przetrwa\u0142y przez g\u0142\u0119bie wiek\u00f3w tradycje Bojkowskie, kultura, zwyczaje&#8230; Wi\u0119cej &gt;&gt;<\/p>\n","protected":false},"author":1,"featured_media":0,"parent":0,"menu_order":0,"comment_status":"open","ping_status":"open","template":"home_pl.php","meta":{"footnotes":""},"class_list":["post-128","page","type-page","status-publish","hentry"],"_links":{"self":[{"href":"https:\/\/rozhnyati.online\/pl\/wp-json\/wp\/v2\/pages\/128","targetHints":{"allow":["GET"]}}],"collection":[{"href":"https:\/\/rozhnyati.online\/pl\/wp-json\/wp\/v2\/pages"}],"about":[{"href":"https:\/\/rozhnyati.online\/pl\/wp-json\/wp\/v2\/types\/page"}],"author":[{"embeddable":true,"href":"https:\/\/rozhnyati.online\/pl\/wp-json\/wp\/v2\/users\/1"}],"replies":[{"embeddable":true,"href":"https:\/\/rozhnyati.online\/pl\/wp-json\/wp\/v2\/comments?post=128"}],"version-history":[{"count":7,"href":"https:\/\/rozhnyati.online\/pl\/wp-json\/wp\/v2\/pages\/128\/revisions"}],"predecessor-version":[{"id":231,"href":"https:\/\/rozhnyati.online\/pl\/wp-json\/wp\/v2\/pages\/128\/revisions\/231"}],"wp:attachment":[{"href":"https:\/\/rozhnyati.online\/pl\/wp-json\/wp\/v2\/media?parent=128"}],"curies":[{"name":"wp","href":"https:\/\/api.w.org\/{rel}","templated":true}]}}