{"id":1255,"date":"2012-01-11T11:13:17","date_gmt":"2012-01-11T11:13:17","guid":{"rendered":"https:\/\/rozhnyati.online\/?page_id=1255"},"modified":"2012-01-11T12:23:10","modified_gmt":"2012-01-11T12:23:10","slug":"hotele","status":"publish","type":"page","link":"https:\/\/rozhnyati.online\/pl\/miejsca-noclegowe\/hotele\/","title":{"rendered":"Hotele i o\u015brodki wypoczynkowe"},"content":{"rendered":"<p><strong>Pensjonat &#8220;Ganz&#8221;<\/strong><\/p>\n<p><strong>Osmoloda<\/strong><\/p>\n<p>Pensjonat &#8220;Ganz&#8221; \u2013 o\u015brodek sk\u0142adaj\u0105cy si\u0119 z 2 gmach\u00f3w zbudowany w staro\u017cytnym stylu karpackim z materia\u0142\u00f3w naturalnych.<\/p>\n<p>Do us\u0142ug: 6 jednopokojowych apartament\u00f3w, 2 pokoje lux, sauna opalana drewnem, fi\u0144ska sauna, basen, bar-restauracja, bilard, koliba, parking, us\u0142ugi przewodnika,<\/p>\n<p>&nbsp;<\/p>\n<p style=\"text-align: center;\"><a class=\"lightbox\" title=\"\u041f\u0430\u043d\u0441\u0456\u043e\u043d \u0413\u0430\u043d\u0446, \u0444\u043e\u0442\u043e: \u0406.\u041f\u0430\u0440\u0430\u0434\u043e\u0432\u0441\u044c\u043a\u0438\u0439\" href=\"https:\/\/rozhnyati.online\/uploads\/2011\/12\/%D0%9F%D0%B0%D0%BD%D1%81%D1%96%D0%BE%D0%BD-%D0%93%D0%B0%D0%BD%D1%86.jpg\"><img loading=\"lazy\" decoding=\"async\" class=\"aligncenter size-large wp-image-885\" title=\"Pensjonat Ganz, zdj\u0119cie: I. Paradowski\" src=\"https:\/\/rozhnyati.online\/uploads\/2011\/12\/%D0%9F%D0%B0%D0%BD%D1%81%D1%96%D0%BE%D0%BD-%D0%93%D0%B0%D0%BD%D1%86-700x219.jpg\" alt=\"\u041f\u0430\u043d\u0441\u0456\u043e\u043d \u0413\u0430\u043d\u0446, \u0444\u043e\u0442\u043e: \u0406.\u041f\u0430\u0440\u0430\u0434\u043e\u0432\u0441\u044c\u043a\u0438\u0439\" width=\"700\" height=\"219\" \/><\/a><\/p>\n<p><strong>Adres:<\/strong> obw\u00f3d Iwano-Frankowski<\/p>\n<p>Ro\u017cniatowski rejon, Osmoloda<\/p>\n<p>Telefon: (03474) 46-133<\/p>\n<p>tel. kom. 8067342-35-34,\u00a0 8050373-01-52<\/p>\n<p>e-mail: ganz@rozh.if.ua<\/p>\n<p>_____________________________________________________________________________________________<\/p>\n<p><strong>Hotel &#8220;Wolne Wiatry&#8221;<br \/>\n<\/strong><\/p>\n<p><strong>Osmoloda<br \/>\n<\/strong><\/p>\n<p>\u0420\u043e\u0437\u0442\u0430\u0448\u043e\u0432\u0430\u043d\u0438\u0439 \u043d\u0430 \u0433\u0456\u0440\u0441\u044c\u043a\u0456\u0439 \u0442\u0435\u0440\u0438\u0442\u043e\u0440\u0456\u0457 \u043f\u043e\u0431\u043b\u0438\u0437\u0443 \u0440. \u041b\u0456\u043c\u043d\u0438\u0446\u044f \u0432 \u0441.\u041e\u0441\u043c\u043e\u043b\u043e\u0434\u0430 \u043d\u0430 \u0432\u0435\u043b\u0438\u043a\u0456\u0439 \u0437\u0435\u043b\u0435\u043d\u0456\u0439 \u0442\u0435\u0440\u0438\u0442\u043e\u0440\u0456\u0457 \u0437 \u0430\u043b\u044c\u0442\u0430\u043d\u043a\u0430\u043c\u0438, \u043c\u0430\u043d\u0433\u0430\u043b\u0430\u043c\u0438, \u0433\u043e\u0439\u0434\u0430\u043b\u043a\u0430\u043c\u0438, \u0441\u0442\u0430\u0432\u043a\u0430\u043c\u0438, \u0441\u0442\u0440\u0443\u043c\u043a\u043e\u043c, \u0448\u0442\u0443\u0447\u043d\u0438\u043c \u0432\u043e\u0434\u043e\u0441\u043f\u0430\u0434\u043e\u043c. \u0412\u043a\u043b\u044e\u0447\u0430\u0454 3 \u0434\u0432\u043e\u043f\u043e\u0432\u0435\u0440\u0445\u043e\u0432\u0456 \u0448\u0435\u0441\u0442\u0438\u043c\u0456\u0441\u043d\u0456 \u043a\u043e\u0442\u0435\u0434\u0436\u0456, 2 \u043e\u0434\u043d\u043e\u043f\u043e\u0432\u0435\u0440\u0445\u043e\u0432\u0456 \u0442\u0440\u0438\u043c\u0456\u0441\u043d\u0456 \u043a\u043e\u0442\u0435\u0434\u0436\u0456, \u0442\u0440\u0438\u043a\u0456\u043c\u043d\u0430\u0442\u043d\u0438\u0439 \u0448\u0435\u0441\u0442\u0438\u043c\u0456\u0441\u043d\u0438\u0439 \u043d\u043e\u043c\u0435\u0440 \u043b\u044e\u043a\u0441, 2 \u0434\u0432\u043e\u043a\u0456\u043c\u043d\u0430\u0442\u043d\u0456 \u0447\u043e\u0442\u0438\u0440\u0438\u043c\u0456\u0441\u043d\u0456 \u0442\u0430 5 \u043e\u0434\u043d\u043e\u043a\u0456\u043c\u043d\u0430\u0442\u043d\u0438\u0445 \u0434\u0432\u043e\u043c\u0456\u0441\u043d\u0438\u0445 \u0433\u043e\u0442\u0435\u043b\u044c\u043d\u0438\u0445 \u043d\u043e\u043c\u0435\u0440\u0456\u0432 \u0437\u0456 \u0432\u0441\u0456\u043c\u0430 \u0437\u0440\u0443\u0447\u043d\u043e\u0441\u0442\u044f\u043c\u0438. \u0414\u043e \u043f\u043e\u0441\u043b\u0443\u0433 \u0432\u0456\u0434\u043f\u043e\u0447\u0438\u0432\u0430\u043b\u044c\u043d\u0438\u043a\u0456\u0432 \u0442\u0430\u043a\u043e\u0436 \u0430\u043b\u044c\u043f\u0456\u043d\u043f\u0430\u0440\u043a, \u0440\u0435\u0441\u0442\u043e\u0440\u0430\u043d, \u043f\u043e\u043b\u044e\u0432\u0430\u043d\u043d\u044f, \u0440\u0438\u0431\u043e\u043b\u043e\u0432\u043b\u044f, \u0441\u0430\u0443\u043d\u0430, \u0431\u043e\u0447\u043a\u0430 \u0424\u0443\u0440\u0430\u043a\u0435, \u0431\u0456\u043b\u044c\u044f\u0440\u0434, \u043f\u0435\u0439\u043d\u0442\u0431\u043e\u043b, \u043a\u0430\u0442\u0430\u043d\u043d\u044f \u043d\u0430 \u043a\u0432\u0430\u0434\u0440\u043e\u0446\u0438\u043a\u043b\u0456, \u043f\u0440\u043e\u043a\u0430\u0442 \u043b\u0438\u0436 \u0442\u0430 \u043a\u043e\u0432\u0437\u0430\u043d\u0456\u0432.<\/p>\n<p><a class=\"lightbox\" title=\"\u0412\u0456\u043b\u044c\u043d\u0456 \u0432\u0456\u0442\u0440\u0438, \u0444\u043e\u0442\u043e: \u0406.\u041f\u0430\u0440\u0430\u0434\u043e\u0432\u0441\u044c\u043a\u0438\u0439\" href=\"https:\/\/rozhnyati.online\/uploads\/2011\/12\/%D0%92%D1%96%D0%BB%D1%8C%D0%BD%D1%96-%D0%B2%D1%96%D1%82%D1%80%D0%B8.jpg\"><img loading=\"lazy\" decoding=\"async\" class=\"aligncenter size-large wp-image-887\" title=\"\u0412\u0456\u043b\u044c\u043d\u0456 \u0432\u0456\u0442\u0440\u0438, \u0444\u043e\u0442\u043e: \u0406.\u041f\u0430\u0440\u0430\u0434\u043e\u0432\u0441\u044c\u043a\u0438\u0439\" src=\"https:\/\/rozhnyati.online\/uploads\/2011\/12\/%D0%92%D1%96%D0%BB%D1%8C%D0%BD%D1%96-%D0%B2%D1%96%D1%82%D1%80%D0%B8-700x469.jpg\" alt=\"\" width=\"700\" height=\"469\" \/><\/a><\/p>\n<p>\u0410\u0434\u0440\u0435\u0441\u0430: \u0406\u0432\u0430\u043d\u043e-\u0424\u0440\u0430\u043d\u043a\u0456\u0432\u0441\u044c\u043a\u0430 \u043e\u0431\u043b.,<\/p>\n<p>\u0420\u043e\u0436\u043d\u044f\u0442\u0456\u0432\u0441\u044c\u043a\u0438\u0439 \u0440-\u043d, \u0441.\u041e\u0441\u043c\u043e\u043b\u043e\u0434\u0430<\/p>\n<p>\u0422\u0435\u043b\u0435\u0444\u043e\u043d: 067-509-13-72, 067-462-50-18<\/p>\n<p><a href=\"http:\/\/freewinds.com.ua\/\" target=\"_blank\">http:\/\/freewinds.com.ua<\/a><\/p>\n<p>_____________________________________________________________________________________________<\/p>\n<p><strong>\u0413\u043e\u0442\u0435\u043b\u044c \u00ab\u041a\u043b\u0435\u043e\u043f\u0430\u0442\u0440\u0430\u00bb<\/strong><\/p>\n<p><strong>\u0441\u043c\u0442. \u041f\u0435\u0440\u0435\u0433\u0456\u043d\u0441\u044c\u043a\u0435 <\/strong><\/p>\n<p>\u0413\u043e\u0442\u0435\u043b\u044c \u00ab\u041a\u043b\u0435\u043e\u043f\u0430\u0442\u0440\u0430\u00bb \u0440\u043e\u0437\u0442\u0430\u0448\u043e\u0432\u0430\u043d\u0438\u0439 \u0432 \u0446\u0435\u043d\u0442\u0440\u0456 \u0441\u043c\u0442. \u041f\u0435\u0440\u0435\u0433\u0456\u043d\u0441\u044c\u043a\u0435. \u0413\u043e\u0442\u0435\u043b\u044c \u0437\u043d\u0430\u0445\u043e\u0434\u0438\u0442\u044c\u0441\u044f \u043d\u0430 3 \u043f\u043e\u0432\u0435\u0440\u0441\u0456 \u0431\u0443\u0434\u0456\u0432\u043b\u0456. \u0414\u043b\u044f \u043f\u0440\u043e\u0436\u0438\u0432\u0430\u043d\u043d\u044f \u043f\u0440\u043e\u043f\u043e\u043d\u0443\u0454\u0442\u044c\u0441\u044f 8 \u043d\u043e\u043c\u0435\u0440\u0456\u0432 (\u0441\u0442\u0430\u043d\u0434\u0430\u0440\u0442 \u0456 \u043b\u044e\u043a\u0441), \u0434\u0435 \u043c\u043e\u0436\u0443\u0442\u044c \u043e\u0434\u043d\u043e\u0447\u0430\u0441\u043d\u043e \u0440\u043e\u0437\u043c\u0456\u0441\u0442\u0438\u0442\u0438\u0441\u044f 20 \u0447\u043e\u043b. \u0412 \u043a\u043e\u0436\u043d\u043e\u043c\u0443 \u043d\u043e\u043c\u0435\u0440\u0456 \u0454 \u0443\u0441\u0435 \u043d\u0435\u043e\u0431\u0445\u0456\u0434\u043d\u0435 \u0434\u043b\u044f \u043a\u043e\u043c\u0444\u043e\u0440\u0442\u043d\u043e\u0433\u043e \u043f\u0440\u043e\u0436\u0438\u0432\u0430\u043d\u043d\u044f \u0442\u0430 \u0432\u0456\u0434\u043f\u043e\u0447\u0438\u043d\u043a\u0443. \u0425\u0430\u0440\u0447\u0443\u0432\u0430\u043d\u043d\u044f \u043c\u043e\u0436\u043d\u0430 \u0437\u0430\u043c\u043e\u0432\u0438\u0442\u0438 \u0432 \u0430\u0434\u043c\u0456\u043d\u0456\u0441\u0442\u0440\u0430\u0442\u043e\u0440\u0430 \u0432 \u043e\u0434\u043d\u043e\u0439\u043c\u0435\u043d\u043d\u043e\u043c\u0443 \u0440\u0435\u0441\u0442\u043e\u0440\u0430\u043d\u0456 \u00ab\u041a\u043b\u0435\u043e\u043f\u0430\u0442\u0440\u0430\u00bb.<\/p>\n<p><a class=\"lightbox\" title=\"\u0413\u043e\u0442\u0435\u043b\u044c \u041a\u043b\u0435\u043e\u043f\u0430\u0442\u0440\u0430, \u043e\u0442\u043e \u0406.\u041f\u0430\u0440\u0430\u0434\u043e\u0432\u0441\u044c\u043a\u0438\u0439\" href=\"https:\/\/rozhnyati.online\/uploads\/2011\/12\/%D0%9A%D0%BB%D0%B5%D0%BE%D0%BF%D0%B0%D1%82%D1%80%D0%B0.jpg\"><img loading=\"lazy\" decoding=\"async\" class=\"aligncenter size-large wp-image-888\" title=\"\u0413\u043e\u0442\u0435\u043b\u044c \u041a\u043b\u0435\u043e\u043f\u0430\u0442\u0440\u0430, \u043e\u0442\u043e \u0406.\u041f\u0430\u0440\u0430\u0434\u043e\u0432\u0441\u044c\u043a\u0438\u0439\" src=\"https:\/\/rozhnyati.online\/uploads\/2011\/12\/%D0%9A%D0%BB%D0%B5%D0%BE%D0%BF%D0%B0%D1%82%D1%80%D0%B0-700x469.jpg\" alt=\"\" width=\"700\" height=\"469\" \/><\/a><\/p>\n<p>\u0410\u0434\u0440\u0435\u0441\u0430: \u0406\u0432\u0430\u043d\u043e-\u0424\u0440\u0430\u043d\u043a\u0456\u0432\u0441\u044c\u043a\u0430 \u043e\u0431\u043b.<\/p>\n<p>\u0420\u043e\u0436\u044f\u043d\u0442\u0456\u0432\u0441\u044c\u043a\u0438\u0439 \u0440-\u043d, \u0441\u043c\u0442. \u041f\u0435\u0440\u0435\u0433\u0456\u043d\u0441\u044c\u043a\u0435<\/p>\n<p>\u0432\u0443\u043b. \u0421\u0456\u0447\u043e\u0432\u0438\u0445 \u0421\u0442\u0440\u0456\u043b\u044c\u0446\u0456\u0432, 19<\/p>\n<p>\u041a\u043e\u043d\u0442\u0430\u043a\u0442\u043d\u0456 \u0442\u0435\u043b\u0435\u0444\u043e\u043d\u0438: 067-28-10-741, 067-94-79-930.<\/p>\n<p>______________________________________________________________________________________________<\/p>\n<p><strong>\u0412\u0456\u0434\u043f\u043e\u0447\u0438\u043d\u043a\u043e\u0432\u0438\u0439 \u043a\u043e\u043c\u043f\u043b\u0435\u043a\u0441 \u00ab\u041a\u0430\u0440\u043f\u0430\u0442\u043a\u0430\u00bb<\/strong><\/p>\n<p><strong>\u0441. \u041b\u0443\u0433\u0438<\/strong><\/p>\n<p>\u041a\u043e\u043c\u043f\u043b\u0435\u043a\u0441 \u0440\u043e\u0437\u0442\u0430\u0448\u043e\u0432\u0430\u043d\u0438\u0439 \u043d\u0435\u043f\u043e\u0434\u0430\u043b\u0456\u043a \u0432\u0456\u0434 \u0433\u0456\u0440\u0441\u044c\u043a\u0438\u0445 \u0440\u0456\u0447\u043e\u043a \u0427\u0435\u0447\u0432\u0430 \u0442\u0430 \u0406\u043b\u0435\u043c\u043a\u0430. \u041f\u043e\u0440\u0443\u0447 \u2014 \u0433\u0456\u0440\u0441\u044c\u043a\u043e\u043b\u0438\u0436\u043d\u0438\u0439 \u0441\u043f\u0443\u0441\u043a. \u041d\u043e\u043c\u0435\u0440\u0438 \u0437\u0456 \u0437\u0440\u0443\u0447\u043d\u043e\u0441\u0442\u044f\u043c\u0438 \u043d\u0430 \u043f\u043e\u0432\u0435\u0440\u0441\u0456. \u0404 \u0434\u0438\u0441\u043a\u043e \u0437\u0430\u043b, \u0431\u0456\u043b\u044c\u044f\u0440\u0434, \u0441\u0430\u0443\u043d\u0430. \u0413\u043e\u0441\u043f\u043e\u0434\u0430\u0440\u0456 \u043f\u0440\u043e\u043f\u043e\u043d\u0443\u044e\u0442\u044c \u0441\u0442\u0440\u0430\u0432\u0438 \u0431\u043e\u0439\u043a\u0456\u0432\u0441\u044c\u043a\u043e\u0457 \u043a\u0443\u0445\u043d\u0456. \u041e\u0440\u0433\u0430\u043d\u0456\u0437\u043e\u0432\u0443\u044e\u0442\u044c\u0441\u044f \u0435\u043a\u0441\u043a\u0443\u0440\u0441\u0456\u0457 \u043d\u0430 \u0421\u043a\u0435\u043b\u0456 \u0414\u043e\u0432\u0431\u0443\u0448\u0430, \u0432 \u043c\u0443\u0437\u0435\u0457 \u0411\u043e\u0439\u043a\u0456\u0432\u0449\u0438\u043d\u0438, \u0413\u043e\u0448\u0456\u0432\u0441\u044c\u043a\u0438\u0439 \u043c\u043e\u043d\u0430\u0441\u0442\u0438\u0440. \u0404 \u043f\u0440\u043e\u043a\u0430\u0442 \u043b\u0438\u0436, \u0441\u0430\u043d\u043e\u043a. \u041a\u0456\u043b\u044c\u043a\u0456\u0441\u0442\u044c \u043c\u0456\u0441\u0446\u044c: 50.<\/p>\n<p><a class=\"lightbox\" title=\"\u041a\u0430\u0440\u043f\u0430\u0442\u043a\u0430, \u0444\u043e\u0442\u043e \u0406.\u041f\u0430\u0440\u0430\u0434\u043e\u0432\u0441\u044c\u043a\u0438\u0439\" href=\"https:\/\/rozhnyati.online\/uploads\/2011\/12\/%D0%9A%D0%B0%D1%80%D0%BF%D0%B0%D1%82%D0%BA%D0%B0.jpg\"><img loading=\"lazy\" decoding=\"async\" class=\"aligncenter size-large wp-image-889\" title=\"\u041a\u0430\u0440\u043f\u0430\u0442\u043a\u0430, \u0444\u043e\u0442\u043e \u0406.\u041f\u0430\u0440\u0430\u0434\u043e\u0432\u0441\u044c\u043a\u0438\u0439\" src=\"https:\/\/rozhnyati.online\/uploads\/2011\/12\/%D0%9A%D0%B0%D1%80%D0%BF%D0%B0%D1%82%D0%BA%D0%B0-700x255.jpg\" alt=\"\" width=\"700\" height=\"255\" \/><\/a><\/p>\n<p>\u0410\u0434\u0440\u0435\u0441\u0430: \u0406\u0432\u0430\u043d\u043e-\u0424\u0440\u0430\u043d\u043a\u0456\u0432\u0441\u044c\u043a\u0430 \u043e\u0431\u043b.,<\/p>\n<p>\u0420\u043e\u0436\u043d\u044f\u0442\u0456\u0432\u0441\u044c\u043a\u0438\u0439 \u0440\u0430\u0439\u043e\u043d, \u0441. \u041b\u0443\u0433\u0438, \u0432\u0443\u043b. \u041f\u0435\u0440\u0435\u043c\u043e\u0433\u0438, 12,<\/p>\n<p>\u0422\u0435\u043b\u0435\u0444\u043e\u043d: (03474) 3-43-45, (050) 905-92-02<\/p>\n<p>e-mail: frank@cv.ukrtel.net , karpatka09@yahoo.com<\/p>\n<p>&nbsp;<\/p>\n<p>&nbsp;<\/p>\n","protected":false},"excerpt":{"rendered":"<p>Pensjonat &#8220;Ganz&#8221; Osmoloda Pensjonat &#8220;Ganz&#8221; \u2013 o\u015brodek sk\u0142adaj\u0105cy si\u0119 z 2 gmach\u00f3w zbudowany w staro\u017cytnym stylu karpackim z materia\u0142\u00f3w naturalnych. Do us\u0142ug: 6 jednopokojowych apartament\u00f3w, 2 pokoje lux, sauna opalana drewnem, fi\u0144ska sauna, basen, bar-restauracja, bilard, koliba, parking, us\u0142ugi przewodnika, &nbsp; Adres: obw\u00f3d Iwano-Frankowski Ro\u017cniatowski rejon, Osmoloda Telefon: (03474) 46-133 tel. kom. 8067342-35-34,\u00a0 8050373-01-52 e-mail: [&hellip;]<\/p>\n","protected":false},"author":1,"featured_media":0,"parent":1151,"menu_order":0,"comment_status":"open","ping_status":"open","template":"","meta":{"footnotes":""},"class_list":["post-1255","page","type-page","status-publish","hentry"],"_links":{"self":[{"href":"https:\/\/rozhnyati.online\/pl\/wp-json\/wp\/v2\/pages\/1255","targetHints":{"allow":["GET"]}}],"collection":[{"href":"https:\/\/rozhnyati.online\/pl\/wp-json\/wp\/v2\/pages"}],"about":[{"href":"https:\/\/rozhnyati.online\/pl\/wp-json\/wp\/v2\/types\/page"}],"author":[{"embeddable":true,"href":"https:\/\/rozhnyati.online\/pl\/wp-json\/wp\/v2\/users\/1"}],"replies":[{"embeddable":true,"href":"https:\/\/rozhnyati.online\/pl\/wp-json\/wp\/v2\/comments?post=1255"}],"version-history":[{"count":5,"href":"https:\/\/rozhnyati.online\/pl\/wp-json\/wp\/v2\/pages\/1255\/revisions"}],"predecessor-version":[{"id":1259,"href":"https:\/\/rozhnyati.online\/pl\/wp-json\/wp\/v2\/pages\/1255\/revisions\/1259"}],"up":[{"embeddable":true,"href":"https:\/\/rozhnyati.online\/pl\/wp-json\/wp\/v2\/pages\/1151"}],"wp:attachment":[{"href":"https:\/\/rozhnyati.online\/pl\/wp-json\/wp\/v2\/media?parent=1255"}],"curies":[{"name":"wp","href":"https:\/\/api.w.org\/{rel}","templated":true}]}}