{"id":1229,"date":"2012-01-11T08:49:52","date_gmt":"2012-01-11T08:49:52","guid":{"rendered":"https:\/\/rozhnyati.online\/?page_id=1229"},"modified":"2012-01-11T08:56:34","modified_gmt":"2012-01-11T08:56:34","slug":"zabytki-historii-i-architektury","status":"publish","type":"page","link":"https:\/\/rozhnyati.online\/pl\/atrakcje-turystyczne\/zabytki-historii-i-architektury\/","title":{"rendered":"Zabytki historii i architektury"},"content":{"rendered":"<p style=\"text-align: left;\" align=\"center\"><strong><a class=\"lightbox\" href=\"https:\/\/rozhnyati.online\/uploads\/2011\/10\/Domna.jpg\"><img loading=\"lazy\" decoding=\"async\" class=\"alignleft size-thumbnail wp-image-391\" title=\"Piec hutniczy z XIX w.\" src=\"https:\/\/rozhnyati.online\/uploads\/2011\/10\/Domna-150x150.jpg\" alt=\"\u0410\u043d\u0433\u0435\u043b\u0456\u0432\u0441\u044c\u043a\u0430 \u0434\u043e\u043c\u043d\u0430\" width=\"150\" height=\"150\" \/><\/a>Piec hutniczy w uroczysku &#8220;Anheliv&#8221;<br \/>\n<\/strong><\/p>\n<p>Piec hutniczy w uroczysku &#8220;Anheliv&#8221; &#8211; to jedyna w Ukrainie pami\u0105tka staro\u017cytnej kultury huty \u017celaza z XIX w., kt\u00f3ra zachowa\u0142a si\u0119 w odpowiednim do renowacji stanie.<\/p>\n<p>&nbsp;<\/p>\n<p>&nbsp;<\/p>\n<p>&nbsp;<\/p>\n<p style=\"text-align: left;\" align=\"center\"><strong><a href=\"https:\/\/rozhnyati.online\/turystychni-atraktsiji\/pamyatky-arhitektury\/kedrovi-palaty-v-urochyschi-pidlyute\/\"><img loading=\"lazy\" decoding=\"async\" class=\"alignleft size-thumbnail wp-image-393\" title=\"Izby Cedrowe\" src=\"https:\/\/rozhnyati.online\/uploads\/2011\/10\/Kedrovi-palaty-150x150.jpg\" alt=\"\u041a\u0435\u0434\u0440\u043e\u0432\u0456 \u043f\u0430\u043b\u0430\u0442\u0438\" width=\"150\" height=\"150\" \/><\/a><\/strong><\/p>\n<p style=\"text-align: left;\" align=\"center\"><strong>Izby Cedrowe w uroczysku &#8220;Pidlute&#8221;<\/strong><\/p>\n<p>Wy\u017cej Kuzmi\u0144ca na lewym brzegu \u0141omnicy le\u017cy uroczysko Pidlute, znane z leczniczych w\u00f3d mineralnych. Na pocz\u0105tku XIX w. tutaj zosta\u0142a za\u0142o\u017cona rezydencja &#8220;Izby Cedrowe&#8221;. Znajdowa\u0142a si\u0119 tutaj rezydencja metropolity S. Sembratowicza\u00a0(1885-98), a p\u00f3\u017aniej \u2013 A. Szeptyckiego\u00a0 (1901-44).<\/p>\n<p>&nbsp;<\/p>\n<p>&nbsp;<\/p>\n<p><strong><a class=\"lightbox\" href=\"https:\/\/rozhnyati.online\/uploads\/2011\/10\/Xrest-tverezosti.jpg\"><img loading=\"lazy\" decoding=\"async\" class=\"alignleft size-thumbnail wp-image-397\" title=\"Krzy\u017c &quot;W pami\u0119\u0107 \u015bwi\u0119tej trze\u017awo\u015bci&quot; (1874 r.), zdj\u0119cie: I.Paradowski\" src=\"https:\/\/rozhnyati.online\/uploads\/2011\/10\/Xrest-tverezosti-150x150.jpg\" alt=\"&quot;\u0425\u0440\u0435\u0441\u0442 \u0442\u0432\u0435\u0440\u0435\u0437\u043e\u0441\u0442\u0456&quot;, \u0444\u043e\u0442\u043e: \u0406.\u041f\u0430\u0440\u0430\u0434\u043e\u0432\u0441\u044c\u043a\u0438\u0439\" width=\"150\" height=\"150\" \/><\/a>Krzy\u017c &#8220;W pami\u0119\u0107 \u015bwi\u0119tej trze\u017awo\u015bci&#8221; (1874 r.)<br \/>\n<\/strong><\/p>\n<p>W g\u00f3rnej cz\u0119\u015bci miejscowo\u015bci Jasie\u0144 stoi ten pomnik w postaci krzy\u017ca. Na nim jest wyrze\u017abione:\u00a0&#8220;W pami\u0119\u0107 \u015bwi\u0119tej trze\u017awo\u015bci 1874 r.&#8221;. Poza tym jest na nim pi\u0119ciok\u0105tna gwiazda, kt\u00f3rej istnienie jest dzi\u015b tajemnic\u0105. Trwaj\u0105 badania w jej kwestii.<\/p>\n<p>&nbsp;<\/p>\n<p>&nbsp;<\/p>\n<p><strong><a class=\"lightbox\" href=\"https:\/\/rozhnyati.online\/uploads\/2011\/10\/%D0%9F%D0%B0%D0%BC%E2%80%99%D1%8F%D1%82%D0%BD%D0%B8%D0%BA-%D0%BF%D0%B5%D1%80%D1%88%D0%B8%D0%BC-%D0%B5%D0%BC%D1%96%D0%B3%D1%80%D0%B0%D0%BD%D1%82%D0%B0%D0%BC1.jpg\"><img loading=\"lazy\" decoding=\"async\" class=\"alignleft size-thumbnail wp-image-480\" title=\"Pomnik z okazji 100-lecia pocz\u0105tku emigracji ukrai\u0144skiej do Kanady, zdj\u0119cie: I.Paradowski\" src=\"https:\/\/rozhnyati.online\/uploads\/2011\/10\/%D0%9F%D0%B0%D0%BC%E2%80%99%D1%8F%D1%82%D0%BD%D0%B8%D0%BA-%D0%BF%D0%B5%D1%80%D1%88%D0%B8%D0%BC-%D0%B5%D0%BC%D1%96%D0%B3%D1%80%D0%B0%D0%BD%D1%82%D0%B0%D0%BC1-150x150.jpg\" alt=\"\u041f\u0430\u043c\u2019\u044f\u0442\u043d\u0438\u043a \u043f\u0435\u0440\u0448\u0438\u043c \u0435\u043c\u0456\u0433\u0440\u0430\u043d\u0442\u0430\u043c, \u0444\u043e\u0442\u043e: \u0406.\u041f\u0430\u0440\u0430\u0434\u043e\u0432\u0441\u044c\u043a\u0438\u0439\" width=\"150\" height=\"150\" \/><\/a>Pomnik z okazji 100-lecia pocz\u0105tku emigracji ukrai\u0144skiej do Kanady<\/strong><\/p>\n<p>Pocz\u0105tkiem ukrai\u0144skiej emigracji do Kanady uwa\u017caj\u0105 rok 1891. Na ojczy\u017anie pierwszych emigrant\u00f3w Iwana Pylypiwa o Wasyla Ilyniaka w miejscowo\u015bci Nebyliw w 1991 r. z okazji obchodzenia 100-lecia pocz\u0105tku emigracji Ukrai\u0144c\u00f3w do Kanady za\u0142o\u017cony zosta\u0142 pomnik.<\/p>\n<p>&nbsp;<\/p>\n<p>&nbsp;<\/p>\n<p><strong><a class=\"lightbox\" title=\"\u041c\u0438\u043a\u043e\u043b\u0430 \u0421\u0430\u0454\u0432\u0438\u0447\" href=\"https:\/\/rozhnyati.online\/uploads\/2011\/11\/%D0%9C%D0%B8%D0%BA%D0%BE%D0%BB%D0%B0-%D0%A1%D0%B0%D1%94%D0%B2%D0%B8%D1%87.jpg\"><img loading=\"lazy\" decoding=\"async\" class=\"alignleft size-thumbnail wp-image-504\" title=\"Farma pstr\u0105gowa - stella Mykola Sajewicz, zdj\u0119cie: I.Paradowski\" src=\"https:\/\/rozhnyati.online\/uploads\/2011\/11\/%D0%9C%D0%B8%D0%BA%D0%BE%D0%BB%D0%B0-%D0%A1%D0%B0%D1%94%D0%B2%D0%B8%D1%87-150x150.jpg\" alt=\"\u041c\u0438\u043a\u043e\u043b\u0430 \u0421\u0430\u0454\u0432\u0438\u0447, \u0444\u043e\u0442\u043e: \u0406.\u041f\u0430\u0440\u0430\u0434\u043e\u0432\u0441\u044c\u043a\u0438\u0439\" width=\"150\" height=\"150\" \/><\/a>Farma pstr\u0105gowa<\/strong><\/p>\n<p>In\u017cynier-le\u015bniczy, dzia\u0142acz spo\u0142eczny i wojenny, docent Ukrai\u0144skiej Akademii Gospodarczej w Podiebradach, doktor filozofii, prawa i le\u015bnictwa, M. Sajewicz, wyznaczony przez metropolit\u0119 A. Szeptyckiego zarz\u0105dc\u0105 &#8211; ochraniaczem swych las\u00f3w, za\u0142o\u017cy\u0142 &#8220;Muzeum le\u015bny&#8221; i wzorcow\u0105 farm\u0119 pstr\u0105gow\u0105 ko\u0142o miejscowo\u015bci Osmoloda.<\/p>\n<p>&nbsp;<\/p>\n<p><strong><a class=\"lightbox\" title=\"\u0443\u0440.\u0421\u043e\u043a\u0456\u043b, \u0444\u043e\u0442\u043e: \u0406.\u041f\u0430\u0440\u0430\u0434\u043e\u0432\u0441\u044c\u043a\u0438\u0439\" href=\"https:\/\/rozhnyati.online\/uploads\/2011\/10\/ur.Sokil_.jpg\" target=\"_blank\"><img loading=\"lazy\" decoding=\"async\" class=\"alignleft size-thumbnail wp-image-319\" title=\"Uroczysko Sok\u00f3\u0142, zdj\u0119cie: I. Paradowski\" src=\"https:\/\/rozhnyati.online\/uploads\/2011\/10\/ur.Sokil_-150x150.jpg\" alt=\"\u0443\u0440.\u0421\u043e\u043a\u0456\u043b, \u0444\u043e\u0442\u043e: \u0406.\u041f\u0430\u0440\u0430\u0434\u043e\u0432\u0441\u044c\u043a\u0438\u0439\" width=\"150\" height=\"150\" \/><\/a>Ob\u00f3z-muzeum &#8220;Sok\u00f3\u0142&#8221; zrzeszenia &#8220;Plast&#8221;<\/strong><\/p>\n<p>Ob\u00f3z &#8220;Plastu&#8221; &#8211; muzeum &#8220;Sok\u00f3\u0142&#8221; to najbardziej znany i najstarszy o\u015brodek zrzeszenia &#8220;Plast&#8221; z 1926 r. W 2009 r. uznany zosta\u0142 jako pami\u0105tka kultury Ukrainy. Znajduje si\u0119 ko\u0142o wsi Hry\u0144kiw u podn\u00f3\u017ca g\u00f3ry Syhlis (&#8220;ostry las&#8221;).<\/p>\n<p>&nbsp;<\/p>\n<p>&nbsp;<\/p>\n<p>&nbsp;<\/p>\n<p><strong><a class=\"lightbox\" href=\"https:\/\/rozhnyati.online\/uploads\/2011\/10\/%D0%A0%D0%BE%D0%B6%D0%BD%D1%8F%D1%82%D1%96%D0%B2%D1%81%D1%8C%D0%BA%D0%B8%D0%B9-%D0%B7%D0%B0%D0%BC%D0%BE%D0%BA1.jpg\"><img loading=\"lazy\" decoding=\"async\" class=\"alignleft size-thumbnail wp-image-446\" title=\"Zamek w Ro\u017cniatowie\" src=\"https:\/\/rozhnyati.online\/uploads\/2011\/10\/%D0%A0%D0%BE%D0%B6%D0%BD%D1%8F%D1%82%D1%96%D0%B2%D1%81%D1%8C%D0%BA%D0%B8%D0%B9-%D0%B7%D0%B0%D0%BC%D0%BE%D0%BA1-150x150.jpg\" alt=\"\u0420\u043e\u0436\u043d\u044f\u0442\u0456\u0432\u0441\u044c\u043a\u0438\u0439 \u0437\u0430\u043c\u043e\u043a, \u0444\u043e\u0442\u043e: \u0406.\u041f\u0430\u0440\u0430\u0434\u043e\u0432\u0441\u044c\u043a\u0438\u0439\" width=\"150\" height=\"150\" \/><\/a>Zamek Skarbka<br \/>\n<\/strong><\/p>\n<p>Pierwsze wspomnienie o miejscowo\u015bci Ro\u017cniat\u00f3w pochodzi z roku 1464. W XV w. zbudowany zosta\u0142 zamek, kt\u00f3ry mia\u0142 2 wie\u017ce oraz 2 przej\u015bcia podziemne: do lasu w uroczysku Baturyn i do Klasztoru Wasylian\u00f3w (dzi\u015b &#8220;Pidmonastyr&#8221;). Otoczony by\u0142 g\u0142\u0119bok\u0105 fos\u0105 z wod\u0105. Jego budownictwo powi\u0105zane jest z\u00a0imieniem hrabiego Skarbka. W latach 50. XX w. zamek zosta\u0142 poddany renowacji.<\/p>\n","protected":false},"excerpt":{"rendered":"<p>Piec hutniczy w uroczysku &#8220;Anheliv&#8221; Piec hutniczy w uroczysku &#8220;Anheliv&#8221; &#8211; to jedyna w Ukrainie pami\u0105tka staro\u017cytnej kultury huty \u017celaza z XIX w., kt\u00f3ra zachowa\u0142a si\u0119 w odpowiednim do renowacji stanie. &nbsp; &nbsp; &nbsp; Izby Cedrowe w uroczysku &#8220;Pidlute&#8221; Wy\u017cej Kuzmi\u0144ca na lewym brzegu \u0141omnicy le\u017cy uroczysko Pidlute, znane z leczniczych w\u00f3d mineralnych. Na pocz\u0105tku [&hellip;]<\/p>\n","protected":false},"author":1,"featured_media":0,"parent":1163,"menu_order":0,"comment_status":"open","ping_status":"open","template":"","meta":{"footnotes":""},"class_list":["post-1229","page","type-page","status-publish","hentry"],"_links":{"self":[{"href":"https:\/\/rozhnyati.online\/pl\/wp-json\/wp\/v2\/pages\/1229","targetHints":{"allow":["GET"]}}],"collection":[{"href":"https:\/\/rozhnyati.online\/pl\/wp-json\/wp\/v2\/pages"}],"about":[{"href":"https:\/\/rozhnyati.online\/pl\/wp-json\/wp\/v2\/types\/page"}],"author":[{"embeddable":true,"href":"https:\/\/rozhnyati.online\/pl\/wp-json\/wp\/v2\/users\/1"}],"replies":[{"embeddable":true,"href":"https:\/\/rozhnyati.online\/pl\/wp-json\/wp\/v2\/comments?post=1229"}],"version-history":[{"count":8,"href":"https:\/\/rozhnyati.online\/pl\/wp-json\/wp\/v2\/pages\/1229\/revisions"}],"predecessor-version":[{"id":1233,"href":"https:\/\/rozhnyati.online\/pl\/wp-json\/wp\/v2\/pages\/1229\/revisions\/1233"}],"up":[{"embeddable":true,"href":"https:\/\/rozhnyati.online\/pl\/wp-json\/wp\/v2\/pages\/1163"}],"wp:attachment":[{"href":"https:\/\/rozhnyati.online\/pl\/wp-json\/wp\/v2\/media?parent=1229"}],"curies":[{"name":"wp","href":"https:\/\/api.w.org\/{rel}","templated":true}]}}