{"id":1221,"date":"2012-01-10T17:13:22","date_gmt":"2012-01-10T17:13:22","guid":{"rendered":"https:\/\/rozhnyati.online\/?page_id=1221"},"modified":"2012-01-10T17:17:30","modified_gmt":"2012-01-10T17:17:30","slug":"pamiatki-przyrody","status":"publish","type":"page","link":"https:\/\/rozhnyati.online\/pl\/atrakcje-turystyczne\/pamiatki-przyrody\/","title":{"rendered":"Pami\u0105tki przyrody"},"content":{"rendered":"<p>Pami\u0105tki przyrody w rejonie to: g\u00f3rskie jezioro Rosohan, bagno Verhove, bagna g\u00f3rskie Lutoszary, Kotowe, Koralowy kanie\u0144. Ciekawe s\u0105 te\u017c chronione uroczyska Berehy, Gregitlywy, Kotelec, Lopuszna, Lu\u017cky, Magura, Sywulia, Czuta, Jala.<\/p>\n<p>&nbsp;<\/p>\n<p><strong><a class=\"lightbox\" href=\"https:\/\/rozhnyati.online\/uploads\/2011\/11\/oz.-Rosohcan1.jpg\"><img loading=\"lazy\" decoding=\"async\" class=\"alignleft size-thumbnail wp-image-309\" title=\"Lake Rosohan, fot. V. Hudyak\" src=\"https:\/\/rozhnyati.online\/uploads\/2011\/11\/oz.-Rosohcan1-150x150.jpg\" alt=\"\" width=\"150\" height=\"150\" \/><\/a>Jezioro Rosohan<\/strong><\/p>\n<p>Nieznane g\u00f3rskie jezioro Rosohan &#8211; hydrologiczna pami\u0105tka przyrody znaczenia lokalnego o obszarze 4,7 hektara.<\/p>\n<p>&nbsp;<\/p>\n<p>&nbsp;<\/p>\n<p>&nbsp;<\/p>\n<p><strong><a href=\"https:\/\/rozhnyati.online\/turystychni-atraktsiji\/pamyatky-pryrody\/urochysche-sokil\/\"><img loading=\"lazy\" decoding=\"async\" class=\"alignleft size-thumbnail wp-image-331\" title=\"ur. Sokil\" src=\"https:\/\/rozhnyati.online\/uploads\/2011\/10\/ur.-Sokil-150x150.jpg\" alt=\"\" width=\"150\" height=\"150\" \/><\/a>Uroczysko &#8220;Sok\u00f3\u0142&#8221;<\/strong><\/p>\n<p>Uroczysko to jest botaniczn\u0105 pami\u0105tk\u0105 przyrody znaczenia og\u00f3lnokrajowego, ro\u015bnie tutaj reliktowa dla Karpat sosna zwyk\u0142a.<\/p>\n<p>&nbsp;<\/p>\n<p><em>\u00a0 <span style=\"text-decoration: underline;\"><br \/>\n<\/span><\/em><\/p>\n<p>&nbsp;<\/p>\n<p><strong><a href=\"https:\/\/rozhnyati.online\/turystychni-atraktsiji\/pamyatky-pryrody\/pavlivskyj-kamin\/\"><img loading=\"lazy\" decoding=\"async\" class=\"alignleft size-thumbnail wp-image-341\" title=\"\u041f\u0430\u0432\u043b\u0456\u0432\u0441\u044c\u043a\u0438\u0439 \u043a\u0430\u043c\u0456\u043d\u044c, \u0444\u043e\u0442\u043e: \u0406.\u041f\u0430\u0440\u0430\u0434\u043e\u0432\u0441\u044c\u043a\u0438\u0439\" src=\"https:\/\/rozhnyati.online\/uploads\/2011\/10\/Pavlivsry-kaminy-150x150.jpg\" alt=\"\" width=\"150\" height=\"150\" \/><\/a>Paw\u0142owski kamie\u0144<\/strong><\/p>\n<p>Paw\u0142owski kamie\u0144 \u2013 formacja geologiczna o\u00a0wysoko\u015bci 30 m. znajduje si\u0119 w tr\u00f3jk\u0105cie obszar\u00f3w le\u015bnych, mniej wi\u0119cej na jednakowej odleg\u0142o\u015bci od 3 miejscowo\u015bci \u2014 Kniazivskie, Podlasie oraz Duba. Historycy uwa\u017caj\u0105 i\u017c ten kamie\u0144 s\u0142u\u017cy\u0142 jako swego rodzaju \u015bwi\u0105tynia przedchrze\u015bcija\u0144ska. Dowodem na to jest wn\u0119ka na ofiarny ogie\u0144 na g\u00f3rze kamienia i liczne linie po obu stronach ska\u0142y.<\/p>\n<p>&nbsp;<\/p>\n","protected":false},"excerpt":{"rendered":"<p>Pami\u0105tki przyrody w rejonie to: g\u00f3rskie jezioro Rosohan, bagno Verhove, bagna g\u00f3rskie Lutoszary, Kotowe, Koralowy kanie\u0144. Ciekawe s\u0105 te\u017c chronione uroczyska Berehy, Gregitlywy, Kotelec, Lopuszna, Lu\u017cky, Magura, Sywulia, Czuta, Jala. &nbsp; Jezioro Rosohan Nieznane g\u00f3rskie jezioro Rosohan &#8211; hydrologiczna pami\u0105tka przyrody znaczenia lokalnego o obszarze 4,7 hektara. &nbsp; &nbsp; &nbsp; Uroczysko &#8220;Sok\u00f3\u0142&#8221; Uroczysko to jest [&hellip;]<\/p>\n","protected":false},"author":1,"featured_media":0,"parent":1163,"menu_order":0,"comment_status":"open","ping_status":"open","template":"","meta":{"footnotes":""},"class_list":["post-1221","page","type-page","status-publish","hentry"],"_links":{"self":[{"href":"https:\/\/rozhnyati.online\/pl\/wp-json\/wp\/v2\/pages\/1221","targetHints":{"allow":["GET"]}}],"collection":[{"href":"https:\/\/rozhnyati.online\/pl\/wp-json\/wp\/v2\/pages"}],"about":[{"href":"https:\/\/rozhnyati.online\/pl\/wp-json\/wp\/v2\/types\/page"}],"author":[{"embeddable":true,"href":"https:\/\/rozhnyati.online\/pl\/wp-json\/wp\/v2\/users\/1"}],"replies":[{"embeddable":true,"href":"https:\/\/rozhnyati.online\/pl\/wp-json\/wp\/v2\/comments?post=1221"}],"version-history":[{"count":5,"href":"https:\/\/rozhnyati.online\/pl\/wp-json\/wp\/v2\/pages\/1221\/revisions"}],"predecessor-version":[{"id":1227,"href":"https:\/\/rozhnyati.online\/pl\/wp-json\/wp\/v2\/pages\/1221\/revisions\/1227"}],"up":[{"embeddable":true,"href":"https:\/\/rozhnyati.online\/pl\/wp-json\/wp\/v2\/pages\/1163"}],"wp:attachment":[{"href":"https:\/\/rozhnyati.online\/pl\/wp-json\/wp\/v2\/media?parent=1221"}],"curies":[{"name":"wp","href":"https:\/\/api.w.org\/{rel}","templated":true}]}}