{"id":1209,"date":"2012-01-10T16:47:12","date_gmt":"2012-01-10T16:47:12","guid":{"rendered":"https:\/\/rozhnyati.online\/?page_id=1209"},"modified":"2012-12-14T08:57:11","modified_gmt":"2012-12-14T08:57:11","slug":"rezerwaty","status":"publish","type":"page","link":"https:\/\/rozhnyati.online\/pl\/atrakcje-turystyczne\/rezerwaty\/","title":{"rendered":"Rezerwaty przyrody"},"content":{"rendered":"<p>W rejonie jest pi\u0119\u0107 rezerwat\u00f3w o znaczeniu krajowym i 22 \u2013 lokalnych.<\/p>\n<p><strong><a class=\"lightbox\" href=\"https:\/\/rozhnyati.online\/uploads\/2011\/11\/vyd-na-grofu.jpg\"><img loading=\"lazy\" decoding=\"async\" class=\"alignleft size-thumbnail wp-image-165\" title=\"Widok na g\u00f3r\u0119 Grofa, zdj\u0119cie: V. Hudyak\" src=\"https:\/\/rozhnyati.online\/uploads\/2011\/11\/vyd-na-grofu-150x150.jpg\" alt=\"\" width=\"150\" height=\"150\" \/><\/a>Rezerwat krajobrazowy znaczenia krajowego &#8220;Grofa&#8221;. <\/strong>Obszar 2533,8 ha. Stworzony w roku 1996 na miejscu by\u0142ego pierwszeszo parku narodowego, kt\u00f3ry za\u0142o\u017cy\u0142\u00a0 w 1935 r. Metropolita Andrzej Szeptycki, dla zachowania unikatowego krajobrazu Gorgan\u00f3w, du\u017cych obszar\u00f3w \u015bwierkowych pralas\u00f3w z dodatkiem sosny cedrowej i krain kosodrzewiny zwartej (sosny g\u00f3rskiej), populacji innych ro\u015blin rzadkich. Obejmuje sk\u0142ony grzbietu g\u00f3rskiego ze szczytami Ko\u0144 Grofiecki, Grofa, Parenky, Petros (1000-1750 m n.p.m.).<\/p>\n<p>&nbsp;<\/p>\n<p><strong>Rezerwat botaniczny\u00a0<strong>znaczenia krajowego Jajkowski.<\/strong> <\/strong>Obszar 270 ha. Usytuowany na sk\u0142onach g\u00f3ry Jajko Perehi\u0144skie na wysoko\u015bci 900-1600 m n.p.m. Tutaj chroniony jest unikatowy dla Ukrainy krajobraz le\u015bny maj\u0105cy charakter pralasu z rzadk\u0105 populacj\u0105 sosny cedrowej europejskiej.<\/p>\n<p><strong>Rezerwat hydrologiczny <strong><strong>znaczenia krajowego &#8220;Turowa Dacza&#8221;.\u00a0<\/strong><\/strong> <\/strong>Obiekt ma obszar 255 ha, znajduje si\u0119 na drugim tarasie lewego brzegu rzeki\u00a0 \u0141omnica ku p\u00f3\u0142nocy od osiedla typu miejskiego Osmoloda. Za\u0142o\u017cony w 1974 r. dla zachowania unikatowego dla Karpat b\u0142ota oligotroficznego z lasem sosny o niskiej jako\u015bci siedliska.<\/p>\n<p><strong><a class=\"lightbox\" href=\"https:\/\/rozhnyati.online\/uploads\/2011\/11\/mszana.jpg\"><img loading=\"lazy\" decoding=\"async\" class=\"alignleft size-thumbnail wp-image-194\" title=\"B\u0142oto Mszana\" src=\"https:\/\/rozhnyati.online\/uploads\/2011\/11\/mszana-150x150.jpg\" alt=\"\" width=\"150\" height=\"150\" \/><\/a>Bagno Mszana. <\/strong>Hydrologiczna pami\u0105tka przyrody znaczenia og\u00f3lnokrajowego. Obszar 6 ha. Rzadkie dla karpat bagno z gleb\u0105 torfow\u0105, s\u0105 cenne gatunki ro\u015blin. Znajduje si\u0119 na lewobrze\u017cnym tarasi\u0119 rzeki Moloda na wysoko\u015bci 763-773 m n.p.m.<\/p>\n<p>&nbsp;<\/p>\n<p>&nbsp;<\/p>\n<p>&nbsp;<\/p>\n<p><strong><a class=\"lightbox\" href=\"https:\/\/rozhnyati.online\/uploads\/2011\/11\/limnycia.jpg\"><img loading=\"lazy\" decoding=\"async\" class=\"alignleft size-thumbnail wp-image-209\" title=\"\u041b\u0456\u043c\u043d\u0438\u0446\u044f, \u0444\u043e\u0442\u043e: \u041e.\u041a\u043e\u0432\u0430\u043b\u044c\u0447\u0443\u043a\" src=\"https:\/\/rozhnyati.online\/uploads\/2011\/11\/limnycia-150x150.jpg\" alt=\"\" width=\"150\" height=\"150\" \/><\/a>Rezerwat krajobrazowy znaczenia lokalnego rzeka \u0141omnica.<\/strong> Powierzcznia 2440 ha. Rzeka \u0141omnica \u2013 \u017ar\u00f3d\u0142o czystej wody, ma dogodne warunki dla \u017cycia,\u00a0tar\u0142a i rozwoju cennych gatunk\u00f3w ryb. Na ca\u0142ej d\u0142ugo\u015bci dolina rzeki \u0141omnica cenna jest w odniesieniu estetycznym i rekreacyjnym.<\/p>\n<p><strong>\u00a0<\/strong><\/p>\n<p>&nbsp;<\/p>\n<p>&nbsp;<\/p>\n<p><strong><a class=\"lightbox\" title=\"\u0411\u043e\u0442\u0430\u043d\u0456\u0447\u043d\u0438\u0439 \u0437\u0430\u043a\u0430\u0437\u043d\u0438\u043a \u043c\u0456\u0441\u0446\u0435\u0432\u043e\u0433\u043e \u0437\u043d\u0430\u0447\u0435\u043d\u043d\u044f \u041a\u043e\u043d\u0432\u0430\u043b\u0456\u044f\" href=\"https:\/\/rozhnyati.online\/uploads\/2011\/11\/ur.-Konvalia.jpg\"><img loading=\"lazy\" decoding=\"async\" class=\"alignleft size-thumbnail wp-image-233\" title=\"\u0443\u0440\u043e\u0447\u0438\u0449\u0435 \u041a\u043e\u043d\u0432\u0430\u043b\u0456\u044f\" src=\"https:\/\/rozhnyati.online\/uploads\/2011\/11\/ur.-Konvalia-150x150.jpg\" alt=\"\" width=\"150\" height=\"150\" \/><\/a>Rezerwat botaniczny znaczenia lokalnego Konwalia.<\/strong> Obszar 63,3 ha, le\u017cy na terenie le\u015bnictwa Ro\u017cniatowskiego. tutaj ro\u015bnie konwalia zwyk\u0142a \u2013 cenna ro\u015blina lecznicza.<\/p>\n<p>&nbsp;<\/p>\n<p>&nbsp;<\/p>\n<p>&nbsp;<\/p>\n<p>&nbsp;<\/p>\n<p><strong><a href=\"https:\/\/rozhnyati.online\/turystychni-atraktsiji\/zapovidnyky-i-zakaznyky\/urochysche-arnika\/\"><img loading=\"lazy\" decoding=\"async\" class=\"alignleft size-thumbnail wp-image-237\" title=\"\u0410\u0440\u043d\u0456\u043a\u0430\" src=\"https:\/\/rozhnyati.online\/uploads\/2011\/11\/arnika-150x150.jpg\" alt=\"\" width=\"150\" height=\"150\" \/><\/a><\/strong><\/p>\n<p><strong>Uroczysko Arnika.<\/strong> Po\u0142o\u017cone w pobli\u017cu podn\u00f3\u017ca g\u00f3ry Lutej, w uroczysku Pidlute, w pobli\u017cu \u017ar\u00f3de\u0142 siarkowodorowych.<\/p>\n<p>&nbsp;<\/p>\n<p>&nbsp;<\/p>\n<p>&nbsp;<\/p>\n<p>&nbsp;<\/p>\n<p>Zabytkami przyrody s\u0105 tak\u017ce: g\u00f3rskie jezioro Rosohan, bagno Verhove, bagna g\u00f3rskie Lutoszary, Kotowe, Koralowy kanie\u0144. Ciekawe s\u0105 te\u017c chronione uroczyska Berehy, Gregitlywy, Kotelec, Lopuszna, Lu\u017cky, Magura, Sywulia, Czuta, Jala.<\/p>\n<p><img loading=\"lazy\" decoding=\"async\" class=\"alignnone size-thumbnail wp-image-263\" style=\"margin-left: 50px; margin-right: 50px;\" title=\"Bagno Verchowe\" src=\"https:\/\/rozhnyati.online\/uploads\/2011\/11\/Verhcove-boloto-150x150.jpg\" alt=\"\u0412\u0435\u0440\u0445\u043e\u0432\u0435 \u0431\u043e\u043b\u043e\u0442\u043e\" width=\"150\" height=\"150\" \/> <a class=\"lightbox\" title=\"\u0413\u0440\u043e\u0444\u044f\u043d\u0441\u044c\u043a\u0438\u0439 \u0441\u0442\u0430\u0432\" href=\"https:\/\/rozhnyati.online\/uploads\/2011\/11\/Grofianskiy-stav.jpg\"><img loading=\"lazy\" decoding=\"async\" class=\"size-thumbnail wp-image-264 alignnone\" style=\"margin-left: 50px; margin-right: 50px;\" title=\"Staw Grofia\u0144ski\" src=\"https:\/\/rozhnyati.online\/uploads\/2011\/11\/Grofianskiy-stav-150x150.jpg\" alt=\"\u0413\u0440\u043e\u0444\u044f\u043d\u0441\u044c\u043a\u0438\u0439 \u0441\u0442\u0430\u0432\" width=\"150\" height=\"150\" \/><\/a><a class=\"lightbox\" title=\"\u041a\u043e\u0440\u0430\u043b\u043e\u0432\u0438\u0439  \u043a\u0430\u043c\u0456\u043d\u044c\" href=\"https:\/\/rozhnyati.online\/uploads\/2011\/11\/Koraloviy-kamin.jpg\"><img loading=\"lazy\" decoding=\"async\" class=\"alignnone size-thumbnail wp-image-265\" style=\"margin-left: 50px; margin-right: 50px;\" title=\"Koralowy kamie\u0144\" src=\"https:\/\/rozhnyati.online\/uploads\/2011\/11\/Koraloviy-kamin-150x150.jpg\" alt=\"\u041a\u043e\u0440\u0430\u043b\u043e\u0432\u0438\u0439  \u043a\u0430\u043c\u0456\u043d\u044c\" width=\"150\" height=\"150\" \/><\/a><a class=\"lightbox\" title=\"\u041e\u0437\u0435\u0440\u043e \u0420\u043e\u0441\u043e\u0445\u0430\u043d\" href=\"https:\/\/rozhnyati.online\/uploads\/2011\/11\/oz.-Rosohcan.jpg\"><img loading=\"lazy\" decoding=\"async\" class=\"alignnone size-thumbnail wp-image-266\" style=\"margin-left: 50px; margin-right: 50px;\" title=\"Jezioro Rosohan\" src=\"https:\/\/rozhnyati.online\/uploads\/2011\/11\/oz.-Rosohcan-150x150.jpg\" alt=\"\u043e\u0437\u0435\u0440\u043e \u0420\u043e\u0441\u043e\u0445\u0430\u043d\" width=\"150\" height=\"150\" \/><\/a><\/p>\n<h2><\/h2>\n<p>&nbsp;<\/p>\n","protected":false},"excerpt":{"rendered":"<p>W rejonie jest pi\u0119\u0107 rezerwat\u00f3w o znaczeniu krajowym i 22 \u2013 lokalnych. Rezerwat krajobrazowy znaczenia krajowego &#8220;Grofa&#8221;. Obszar 2533,8 ha. Stworzony w roku 1996 na miejscu by\u0142ego pierwszeszo parku narodowego, kt\u00f3ry za\u0142o\u017cy\u0142\u00a0 w 1935 r. Metropolita Andrzej Szeptycki, dla zachowania unikatowego krajobrazu Gorgan\u00f3w, du\u017cych obszar\u00f3w \u015bwierkowych pralas\u00f3w z dodatkiem sosny cedrowej i krain kosodrzewiny zwartej [&hellip;]<\/p>\n","protected":false},"author":1,"featured_media":0,"parent":1163,"menu_order":0,"comment_status":"open","ping_status":"open","template":"","meta":{"footnotes":""},"class_list":["post-1209","page","type-page","status-publish","hentry"],"_links":{"self":[{"href":"https:\/\/rozhnyati.online\/pl\/wp-json\/wp\/v2\/pages\/1209","targetHints":{"allow":["GET"]}}],"collection":[{"href":"https:\/\/rozhnyati.online\/pl\/wp-json\/wp\/v2\/pages"}],"about":[{"href":"https:\/\/rozhnyati.online\/pl\/wp-json\/wp\/v2\/types\/page"}],"author":[{"embeddable":true,"href":"https:\/\/rozhnyati.online\/pl\/wp-json\/wp\/v2\/users\/1"}],"replies":[{"embeddable":true,"href":"https:\/\/rozhnyati.online\/pl\/wp-json\/wp\/v2\/comments?post=1209"}],"version-history":[{"count":11,"href":"https:\/\/rozhnyati.online\/pl\/wp-json\/wp\/v2\/pages\/1209\/revisions"}],"predecessor-version":[{"id":1217,"href":"https:\/\/rozhnyati.online\/pl\/wp-json\/wp\/v2\/pages\/1209\/revisions\/1217"}],"up":[{"embeddable":true,"href":"https:\/\/rozhnyati.online\/pl\/wp-json\/wp\/v2\/pages\/1163"}],"wp:attachment":[{"href":"https:\/\/rozhnyati.online\/pl\/wp-json\/wp\/v2\/media?parent=1209"}],"curies":[{"name":"wp","href":"https:\/\/api.w.org\/{rel}","templated":true}]}}