{"id":1194,"date":"2012-01-10T10:49:21","date_gmt":"2012-01-10T10:49:21","guid":{"rendered":"https:\/\/rozhnyati.online\/?page_id=1194"},"modified":"2012-01-10T11:02:47","modified_gmt":"2012-01-10T11:02:47","slug":"kontakt","status":"publish","type":"page","link":"https:\/\/rozhnyati.online\/pl\/kontakt\/","title":{"rendered":"Kontakt"},"content":{"rendered":"<p><strong>Wydzia\u0142 Ekonomii Ro\u017cniatowskiej administracji powiatowej<\/strong><\/p>\n<p>ul. Szkilna, 1<br \/>\nRo\u017cniat\u00f3w, 77600<br \/>\nIwano-Frankjowski obw\u00f3d,<br \/>\nUkraina<br \/>\nTel.: (03474) 2-13-85<br \/>\ne-mail: econom.rozh@gmail.com<\/p>\n","protected":false},"excerpt":{"rendered":"<p>Wydzia\u0142 Ekonomii Ro\u017cniatowskiej administracji powiatowej ul. Szkilna, 1 Ro\u017cniat\u00f3w, 77600 Iwano-Frankjowski obw\u00f3d, Ukraina Tel.: (03474) 2-13-85 e-mail: econom.rozh@gmail.com<\/p>\n","protected":false},"author":1,"featured_media":0,"parent":0,"menu_order":0,"comment_status":"open","ping_status":"open","template":"","meta":{"footnotes":""},"class_list":["post-1194","page","type-page","status-publish","hentry"],"_links":{"self":[{"href":"https:\/\/rozhnyati.online\/pl\/wp-json\/wp\/v2\/pages\/1194","targetHints":{"allow":["GET"]}}],"collection":[{"href":"https:\/\/rozhnyati.online\/pl\/wp-json\/wp\/v2\/pages"}],"about":[{"href":"https:\/\/rozhnyati.online\/pl\/wp-json\/wp\/v2\/types\/page"}],"author":[{"embeddable":true,"href":"https:\/\/rozhnyati.online\/pl\/wp-json\/wp\/v2\/users\/1"}],"replies":[{"embeddable":true,"href":"https:\/\/rozhnyati.online\/pl\/wp-json\/wp\/v2\/comments?post=1194"}],"version-history":[{"count":4,"href":"https:\/\/rozhnyati.online\/pl\/wp-json\/wp\/v2\/pages\/1194\/revisions"}],"predecessor-version":[{"id":1204,"href":"https:\/\/rozhnyati.online\/pl\/wp-json\/wp\/v2\/pages\/1194\/revisions\/1204"}],"wp:attachment":[{"href":"https:\/\/rozhnyati.online\/pl\/wp-json\/wp\/v2\/media?parent=1194"}],"curies":[{"name":"wp","href":"https:\/\/api.w.org\/{rel}","templated":true}]}}