{"id":1163,"date":"2012-01-09T11:32:33","date_gmt":"2012-01-09T11:32:33","guid":{"rendered":"https:\/\/rozhnyati.online\/?page_id=1163"},"modified":"2012-01-11T08:52:14","modified_gmt":"2012-01-11T08:52:14","slug":"atrakcje-turystyczne","status":"publish","type":"page","link":"https:\/\/rozhnyati.online\/pl\/atrakcje-turystyczne\/","title":{"rendered":"Atrakcje turystyczne"},"content":{"rendered":"<p>Centralne Gorgany &#8211; to kraina niepowtarzalnych krajobraz\u00f3w, per\u0142a ziemi ukrai\u0144skiej. Ten kraj znany jest z g\u00f3r i g\u00f3rskich jezior, srebrnych potok\u00f3w, upajaj\u0105cego powietrza, wype\u0142nionego \u015bwie\u017cym aromatem lasu. To jest jak podr\u00f3\u017c w bajk\u0119. Ro\u017cniatowszchyzna jest pi\u0119kna o ka\u017cdej porze roku. Od dawna przyci\u0105ga zwolennik\u00f3w zdrowego wypoczynku na \u0142onie dziewiczej przyrody. To kraj kolorytowy i oryginalny, gdzie zachowane s\u0105 z czas\u00f3w staro\u017cytnych tradycje, kultura, zwyczaje, rzemios\u0142a ludowe. Tutaj znajdziesz wyj\u0105tkowe atrakcje turystyczne:<\/p>\n<p><a title=\"Rezerwaty i parki narodowe\" href=\"\/pl\/?page_id=1209\"><strong>Rezerwaty i parki narodowe<\/strong><\/a><\/p>\n<p>W obszarze rejonu jest pi\u0119\u0107 rezerwat\u00f3w o znaczeniu krajowym i 22 &#8211; lokalnych.<\/p>\n<p><strong>Z historii rezerwat\u00f3w w rejonie<\/strong><\/p>\n<p>W zakresie ochrony las\u00f3w g\u00f3rskich w Karpatach i utworzenia rezerwat\u00f3w w najbardziej cennych obszarach du\u017ca rola nale\u017cy do s\u0142ynnego polskiego botanika, profesora W\u0142adys\u0142awa Schafera oraz do Metropolity Andrzeja Szeptyckiego.<strong><\/strong><\/p>\n<p><a title=\"Zabytki historii i architektury\" href=\"\/?page_id=1229\"><strong>Pami\u0105tki historii i architektury<\/strong><\/a><\/p>\n<p><a title=\"Pami\u0105tki przyrody\" href=\"\/?page_id=1221\"><strong>Pami\u0105tki przyrody<\/strong><\/a><\/p>\n","protected":false},"excerpt":{"rendered":"<p>Centralne Gorgany &#8211; to kraina niepowtarzalnych krajobraz\u00f3w, per\u0142a ziemi ukrai\u0144skiej. Ten kraj znany jest z g\u00f3r i g\u00f3rskich jezior, srebrnych potok\u00f3w, upajaj\u0105cego powietrza, wype\u0142nionego \u015bwie\u017cym aromatem lasu. To jest jak podr\u00f3\u017c w bajk\u0119. Ro\u017cniatowszchyzna jest pi\u0119kna o ka\u017cdej porze roku. Od dawna przyci\u0105ga zwolennik\u00f3w zdrowego wypoczynku na \u0142onie dziewiczej przyrody. To kraj kolorytowy i oryginalny, [&hellip;]<\/p>\n","protected":false},"author":1,"featured_media":0,"parent":0,"menu_order":0,"comment_status":"open","ping_status":"open","template":"","meta":{"footnotes":""},"class_list":["post-1163","page","type-page","status-publish","hentry"],"_links":{"self":[{"href":"https:\/\/rozhnyati.online\/pl\/wp-json\/wp\/v2\/pages\/1163","targetHints":{"allow":["GET"]}}],"collection":[{"href":"https:\/\/rozhnyati.online\/pl\/wp-json\/wp\/v2\/pages"}],"about":[{"href":"https:\/\/rozhnyati.online\/pl\/wp-json\/wp\/v2\/types\/page"}],"author":[{"embeddable":true,"href":"https:\/\/rozhnyati.online\/pl\/wp-json\/wp\/v2\/users\/1"}],"replies":[{"embeddable":true,"href":"https:\/\/rozhnyati.online\/pl\/wp-json\/wp\/v2\/comments?post=1163"}],"version-history":[{"count":8,"href":"https:\/\/rozhnyati.online\/pl\/wp-json\/wp\/v2\/pages\/1163\/revisions"}],"predecessor-version":[{"id":1234,"href":"https:\/\/rozhnyati.online\/pl\/wp-json\/wp\/v2\/pages\/1163\/revisions\/1234"}],"wp:attachment":[{"href":"https:\/\/rozhnyati.online\/pl\/wp-json\/wp\/v2\/media?parent=1163"}],"curies":[{"name":"wp","href":"https:\/\/api.w.org\/{rel}","templated":true}]}}