{"id":1154,"date":"2012-01-09T11:12:29","date_gmt":"2012-01-09T11:12:29","guid":{"rendered":"https:\/\/rozhnyati.online\/?page_id=1154"},"modified":"2012-01-11T09:52:20","modified_gmt":"2012-01-11T09:52:20","slug":"wyzywienie","status":"publish","type":"page","link":"https:\/\/rozhnyati.online\/pl\/wyzywienie\/","title":{"rendered":"Wy\u017cywienie"},"content":{"rendered":"<p>&nbsp;<\/p>\n<p><strong><a class=\"lightbox\" href=\"https:\/\/rozhnyati.online\/uploads\/2011\/10\/Ganz.jpg\"><img loading=\"lazy\" decoding=\"async\" class=\"alignleft size-thumbnail wp-image-403\" title=\"Restauracja &quot;Ganz&quot;, zdj\u0119cie:I. Paradowski\" src=\"https:\/\/rozhnyati.online\/uploads\/2011\/10\/Ganz-150x150.jpg\" alt=\"\" width=\"150\" height=\"150\" \/><\/a><\/strong><\/p>\n<p><strong>Restauracja <\/strong><strong>&#8220;Ganz&#8221;<\/strong><\/p>\n<p>108 miejsc, letnia koliba dla 60 os\u00f3b.<\/p>\n<p>Obs\u0142uga wg menu.<\/p>\n<p>Dania kuchni ukrai\u0144skiej i europejskiej.<\/p>\n<p>Dania firmowe: &#8220;\u0141apa nied\u017awiedzia&#8221;, pstr\u0105g po-osmolodzku, juszka grzybowa z uszkami, deser &#8220;Surprise&#8221;.<\/p>\n<p>Wynajem dla bankiet\u00f3w.<\/p>\n<p>Muzyka na \u017cywo (CZ, SB, ND z 19 do 23 godz.)<\/p>\n<p><strong>Adres:<\/strong> Broszniw-Osada, ul. S. Striltsiv, 52B<\/p>\n<p><strong>Otwarte:<\/strong> 12:00 &#8211; 23:00<\/p>\n<p><strong>Telefon:<\/strong> +38 (03474) 4-73-03<\/p>\n<hr \/>\n<p><strong><a class=\"lightbox\" href=\"https:\/\/rozhnyati.online\/uploads\/2011\/10\/%D0%A0%D0%B5%D1%81%D1%82%D0%BE%D1%80%D0%B0%D0%BD-%D0%93%D0%B0%D0%BD%D1%86.jpg\"><img loading=\"lazy\" decoding=\"async\" class=\"alignleft size-thumbnail wp-image-405\" title=\"\u0420\u0435\u0441\u0442\u043e\u0440\u0430\u043d \u0413\u0430\u043d\u0446, \u0444\u043e\u0442\u043e: \u0406.\u041f\u0430\u0440\u0430\u0434\u043e\u0432\u0441\u044c\u043a\u043e\u0433\u043e\" src=\"https:\/\/rozhnyati.online\/uploads\/2011\/10\/%D0%A0%D0%B5%D1%81%D1%82%D0%BE%D1%80%D0%B0%D0%BD-%D0%93%D0%B0%D0%BD%D1%86-150x150.jpg\" alt=\"\" width=\"150\" height=\"150\" \/><\/a>Restauracja &#8220;Ganz&#8221;<br \/>\n<\/strong><\/p>\n<p>Obs\u0142uga wg menu.<\/p>\n<p>Muzyka na \u017cywo.<\/p>\n<p><strong><\/strong><strong>Adres:<\/strong> Broszniw-Osada, ul. S. Striltsiv,, 58A<\/p>\n<p><strong><strong>Otwarte<\/strong>:<\/strong> 12:00 &#8211; 24:00<\/p>\n<p><strong><strong>Telefon<\/strong>:<\/strong> +38 (03474) 4-64-33<\/p>\n<hr \/>\n<p><strong>Restauracja &#8220;Per\u0142a karpat&#8221;<\/strong><\/p>\n<p>Dania ukrai\u0144skie.<\/p>\n<p>Wynajem dla bankiet\u00f3w, przyj\u0119\u0107, uroczysto\u015bci.<\/p>\n<p>Muzyka na \u017cywo.<\/p>\n<p><strong><\/strong><strong>Adres:<\/strong> Broszniw-Osada, ul. 22 Stycznia, 75<\/p>\n<p><strong><strong><strong>Otwarte<\/strong><\/strong>:<\/strong> 12:00 &#8211; 22:00<\/p>\n<p><strong><strong><strong>Telefon<\/strong><\/strong>:<\/strong><strong> <\/strong>0374-46-5-56<\/p>\n<hr \/>\n<p><strong><a class=\"lightbox\" href=\"https:\/\/rozhnyati.online\/uploads\/2011\/10\/karpaty.jpg\"><img loading=\"lazy\" decoding=\"async\" class=\"alignleft size-thumbnail wp-image-400\" title=\"\u041a\u0430\u0444\u0435 &quot;\u041a\u0430\u0440\u043f\u0430\u0442\u0438&quot;\" src=\"https:\/\/rozhnyati.online\/uploads\/2011\/10\/karpaty-150x150.jpg\" alt=\"\" width=\"150\" height=\"150\" \/><\/a>Cafe &#8220;Karpaty&#8221;<\/strong><\/p>\n<p>Bankiety, przyj\u0119cia, uroczysto\u015bci.<\/p>\n<p>Dania kuchni ukrai\u0144skiej.<\/p>\n<p>Dania firmowe: bigos, &#8220;kapusniak&#8221;<\/p>\n<p><strong>Adres:<\/strong> Ro\u017cniat\u00f3w, plac Jedno\u015bci 15<\/p>\n<p><strong>Otwarte:<\/strong><strong> <\/strong>10:00-22:00<\/p>\n<p><strong>Telefon:<\/strong><strong> <\/strong>0374-2-08-92<\/p>\n<hr \/>\n<p><strong>Restauracja &#8220;Zoriany&#8221;<\/strong><\/p>\n<p>Kuchnia ukrai\u0144ska.<\/p>\n<p><strong><strong>Adres:<\/strong> <\/strong>Ro\u017cniat\u00f3w, ul.\u00a0 Szewczenka 11<\/p>\n<p><strong><strong>Otwarte<\/strong><\/strong>: 11-23 godz.<\/p>\n<p><strong><strong>Telefon<\/strong>:<\/strong> 067-34-45-574<\/p>\n<hr \/>\n<p><strong><strong>Restauracja &#8220;Kleopatra&#8221;<\/strong><\/strong><\/p>\n<p>Wynajem dla bankiet\u00f3w, uroczysto\u015bci.<\/p>\n<p>Tradycyjna kuchnia ukrai\u0144ska.<\/p>\n<p>Dania firmowe: dania z ryb i inne dania tradycyjne.<\/p>\n<p><strong>Adres: <\/strong>Perehi\u0144skie, ul. s. Striltsiv 32<strong><\/strong><\/p>\n<p><strong><strong>Otwarte<\/strong><\/strong><strong>: 12-24 godz.<br \/>\n<\/strong><\/p>\n<p><strong><strong><strong>Telefon<\/strong><\/strong>:<\/strong><strong> 0672810741<\/strong><\/p>\n<hr \/>\n<p><strong>\u00a0<\/strong><\/p>\n<p><strong>&#8220;Mychajlowa koleba&#8221;<br \/>\n<\/strong><\/p>\n<p>Koliba z letnim tarasem i altankami w tradycyjnym stylu karpackim.<\/p>\n<p>Dania firmowe: ryba sma\u017cona, sajgonki, juszka z ryby, szasz\u0142yk, ziemniaki drapane.<\/p>\n<p>Wynajem dla bankiet\u00f3w.<\/p>\n<p>Muzyka na \u017cywo.<\/p>\n<p><strong>Adres:<\/strong> Riwnia, uroczysko &#8220;Na stawach&#8221;<\/p>\n<p><strong>Otwarte<\/strong><strong>: <\/strong>11-12 godz.<\/p>\n<p><strong><strong><strong><strong>Telefon<\/strong><\/strong><\/strong>:<\/strong><strong> <\/strong>0503739879<\/p>\n<hr \/>\n<p><strong>Cafe &#8220;Amur&#8221;<\/strong><\/p>\n<p>Organizacja przyj\u0119\u0107, bankiet\u00f3w, kolacje z\u0142o\u017cone.<\/p>\n<p>Dania kuchni ukrai\u0144skiej i wschodniej.<\/p>\n<p>Muzyka na \u017cywo.<\/p>\n<p><strong>Adres:<\/strong> Broszniw-osada, ul. 22 Stycznia 58<\/p>\n<p><strong><strong>Otwarte<\/strong><strong><\/strong><\/strong><strong>: <\/strong>12-24 godz.<\/p>\n<hr \/>\n<p><strong>\u00a0<\/strong><\/p>\n<p><strong>Koliba-cafe<br \/>\n<\/strong><\/p>\n<p>Koliba drewniana.<\/p>\n<p>Bankiety, \u015bwi\u0119towania, obs\u0142uga grup.<\/p>\n<p><strong>Adres: <\/strong>Hry\u0144k\u00f3w,\u00a0ul. Franki 8 (wzd\u0142\u00f3\u017c drogi w kierunku Osmo\u0142ody)<strong><br \/>\n<\/strong><\/p>\n<p><strong><strong><strong>Otwarte<\/strong><strong><\/strong><\/strong><strong><\/strong><\/strong><strong>: <\/strong>09-20 godz. w weekendy- do godz. 11.<\/p>\n<p><strong>Telefon:<\/strong> 0672810741<\/p>\n<hr \/>\n<p><strong>\u00a0<\/strong><\/p>\n<p><strong><a class=\"lightbox\" title=\"\u041a\u0430\u0444\u0435-\u0431\u0430\u0440 \u0412\u0435\u043d\u0435\u0446\u0456\u044f\" href=\"https:\/\/rozhnyati.online\/uploads\/2011\/10\/venice.jpg\"><img loading=\"lazy\" decoding=\"async\" class=\"alignleft size-thumbnail wp-image-363\" title=\"\u041a\u0430\u0444\u0435-\u0431\u0430\u0440 \u0412\u0435\u043d\u0435\u0446\u0456\u044f\" src=\"https:\/\/rozhnyati.online\/uploads\/2011\/10\/venice-150x150.jpg\" alt=\"\" width=\"150\" height=\"150\" \/><\/a>Cafe-bar &#8220;Wenecja&#8221;<\/strong><\/p>\n<p>Wynajem dla przyj\u0119\u0107, bankiet\u00f3w, kolacje z\u0142o\u017cone, wesela.<\/p>\n<p>Dania tradycyjna kuchni ukrai\u0144skiej.<\/p>\n<p><strong>Adres:<\/strong> Swarycziw.<strong><\/strong><\/p>\n<p><strong><strong><strong><strong>Otwarte<\/strong><strong><\/strong><\/strong><strong><\/strong><\/strong><strong><\/strong><\/strong><strong>: <\/strong>11:00-23:00.<\/p>\n<p><strong><strong>Telefon<\/strong>:<\/strong> 066 536 79 87, 097 638 82 46<\/p>\n<p>e-mail: olegloc@mail.ru<\/p>\n<p>Strona www: <a title=\"\u0437\u0430\u043b \u0434\u043b\u044f \u0432\u0435\u0441\u0456\u043b\u043b\u044f \u0420\u043e\u0436\u043d\u044f\u0442\u0456\u0432\" href=\"http:\/\/venice.if.ua\">http:\/\/venice.if.ua<\/a><\/p>\n<hr \/>\n","protected":false},"excerpt":{"rendered":"<p>&nbsp; Restauracja &#8220;Ganz&#8221; 108 miejsc, letnia koliba dla 60 os\u00f3b. Obs\u0142uga wg menu. Dania kuchni ukrai\u0144skiej i europejskiej. Dania firmowe: &#8220;\u0141apa nied\u017awiedzia&#8221;, pstr\u0105g po-osmolodzku, juszka grzybowa z uszkami, deser &#8220;Surprise&#8221;. Wynajem dla bankiet\u00f3w. Muzyka na \u017cywo (CZ, SB, ND z 19 do 23 godz.) Adres: Broszniw-Osada, ul. S. Striltsiv, 52B Otwarte: 12:00 &#8211; 23:00 Telefon: [&hellip;]<\/p>\n","protected":false},"author":1,"featured_media":0,"parent":0,"menu_order":0,"comment_status":"open","ping_status":"open","template":"","meta":{"footnotes":""},"class_list":["post-1154","page","type-page","status-publish","hentry"],"_links":{"self":[{"href":"https:\/\/rozhnyati.online\/pl\/wp-json\/wp\/v2\/pages\/1154","targetHints":{"allow":["GET"]}}],"collection":[{"href":"https:\/\/rozhnyati.online\/pl\/wp-json\/wp\/v2\/pages"}],"about":[{"href":"https:\/\/rozhnyati.online\/pl\/wp-json\/wp\/v2\/types\/page"}],"author":[{"embeddable":true,"href":"https:\/\/rozhnyati.online\/pl\/wp-json\/wp\/v2\/users\/1"}],"replies":[{"embeddable":true,"href":"https:\/\/rozhnyati.online\/pl\/wp-json\/wp\/v2\/comments?post=1154"}],"version-history":[{"count":5,"href":"https:\/\/rozhnyati.online\/pl\/wp-json\/wp\/v2\/pages\/1154\/revisions"}],"predecessor-version":[{"id":1251,"href":"https:\/\/rozhnyati.online\/pl\/wp-json\/wp\/v2\/pages\/1154\/revisions\/1251"}],"wp:attachment":[{"href":"https:\/\/rozhnyati.online\/pl\/wp-json\/wp\/v2\/media?parent=1154"}],"curies":[{"name":"wp","href":"https:\/\/api.w.org\/{rel}","templated":true}]}}