{"id":1151,"date":"2012-01-09T11:09:46","date_gmt":"2012-01-09T11:09:46","guid":{"rendered":"https:\/\/rozhnyati.online\/?page_id=1151"},"modified":"2012-01-09T11:09:57","modified_gmt":"2012-01-09T11:09:57","slug":"miejsca-noclegowe","status":"publish","type":"page","link":"https:\/\/rozhnyati.online\/pl\/miejsca-noclegowe\/","title":{"rendered":"Miejsca noclegowe"},"content":{"rendered":"<p>Rejon Ro\u017cniatowski &#8211; to miejsce, gdzie nie ma ha\u0142asu i po\u015bpiechu miasta, tutaj mo\u017cna zanurzy\u0107 si\u0119 w atmosfer\u0119 nietkni\u0119tej natury, leczniczego powietrza g\u00f3rskiego wraz z go\u015bcinno\u015bci\u0105 siedzib agroturystycznych, ciep\u0142em i komfortem niewielkich zak\u0142ad\u00f3w hotelarskich.<\/p>\n<p>Zapraszaj\u0105 Pa\u0144stwo kompleks &#8220;Wolne Wiatry&#8221;, pensjonat &#8220;Ganz&#8221; w miejscowo\u015bci Osmo\u0142oda, wiejskie siedziby agroturystyczne &#8220;Wysoki brzeg&#8221; (\u0141uhy), &#8220;Arnika&#8221; (Osmo\u0142oda), &#8220;Gorgany&#8221; (Kuzminiec) i inne.<\/p>\n<p><a title=\"Hotele i wypoczynkowe kompleksy\" href=\"https:\/\/rozhnyati.online\/zaklady-rozmischennya\/hotelni-ta-vidpochynkovi-kompleksy\/\" target=\"_blank\"><strong>Hotele i wypoczynkowe kompleksy<\/strong><\/a><\/p>\n<p><strong><a title=\"Go\u015bcinne siedziby bojkowskie\" href=\"https:\/\/rozhnyati.online\/zaklady-rozmischennya\/hostynni-bojkivski-sadyby\/\">Go\u015bcinne siedziby bojkowskie<\/a><\/strong><\/p>\n<p>Zachwycaj\u0105cym jest w turystyce ekologicznej organiczne wsp\u00f3\u0142istnienie cz\u0142owieka i \u015brodowiska, niezwyk\u0142a dla mieszka\u0144c\u00f3w miast skromno\u015b\u0107 bytu i archaiczna szczero\u015b\u0107 i kultura obcowania si\u0119 z go\u015b\u0107mi miejscowego ludu. Dlatego, nawet kilka dni pobytu w ich \u015brodowisku pozytywnie wp\u0142ywa na oczyszczenie duchowe, \u015bwiadomo\u015b\u0107 istoty ludzkiej egzystencji na tej ziemi.<\/p>\n<p><span style=\"text-decoration: underline;\"><a title=\"Zakwaterowanie w siedzibach le\u015bnictwa\" href=\"https:\/\/rozhnyati.online\/zaklady-rozmischennya\/prozhyvannya-u-sadybah-lisnytstv\/\"><strong>Zakwaterowanie w siedzibach le\u015bnictwa<\/strong><\/a><\/span><\/p>\n<p><a title=\"Odpoczynek dla dzieci\" href=\"https:\/\/rozhnyati.online\/zaklady-rozmischennya\/dytyachyj-vidpochynok\/\" target=\"_blank\"><strong>Odpoczynek dla dzieci<\/strong><\/a><\/p>\n<p>&nbsp;<\/p>\n","protected":false},"excerpt":{"rendered":"<p>Rejon Ro\u017cniatowski &#8211; to miejsce, gdzie nie ma ha\u0142asu i po\u015bpiechu miasta, tutaj mo\u017cna zanurzy\u0107 si\u0119 w atmosfer\u0119 nietkni\u0119tej natury, leczniczego powietrza g\u00f3rskiego wraz z go\u015bcinno\u015bci\u0105 siedzib agroturystycznych, ciep\u0142em i komfortem niewielkich zak\u0142ad\u00f3w hotelarskich. Zapraszaj\u0105 Pa\u0144stwo kompleks &#8220;Wolne Wiatry&#8221;, pensjonat &#8220;Ganz&#8221; w miejscowo\u015bci Osmo\u0142oda, wiejskie siedziby agroturystyczne &#8220;Wysoki brzeg&#8221; (\u0141uhy), &#8220;Arnika&#8221; (Osmo\u0142oda), &#8220;Gorgany&#8221; (Kuzminiec) i [&hellip;]<\/p>\n","protected":false},"author":1,"featured_media":0,"parent":0,"menu_order":0,"comment_status":"open","ping_status":"open","template":"","meta":{"footnotes":""},"class_list":["post-1151","page","type-page","status-publish","hentry"],"_links":{"self":[{"href":"https:\/\/rozhnyati.online\/pl\/wp-json\/wp\/v2\/pages\/1151","targetHints":{"allow":["GET"]}}],"collection":[{"href":"https:\/\/rozhnyati.online\/pl\/wp-json\/wp\/v2\/pages"}],"about":[{"href":"https:\/\/rozhnyati.online\/pl\/wp-json\/wp\/v2\/types\/page"}],"author":[{"embeddable":true,"href":"https:\/\/rozhnyati.online\/pl\/wp-json\/wp\/v2\/users\/1"}],"replies":[{"embeddable":true,"href":"https:\/\/rozhnyati.online\/pl\/wp-json\/wp\/v2\/comments?post=1151"}],"version-history":[{"count":2,"href":"https:\/\/rozhnyati.online\/pl\/wp-json\/wp\/v2\/pages\/1151\/revisions"}],"predecessor-version":[{"id":1153,"href":"https:\/\/rozhnyati.online\/pl\/wp-json\/wp\/v2\/pages\/1151\/revisions\/1153"}],"wp:attachment":[{"href":"https:\/\/rozhnyati.online\/pl\/wp-json\/wp\/v2\/media?parent=1151"}],"curies":[{"name":"wp","href":"https:\/\/api.w.org\/{rel}","templated":true}]}}